{"id":918,"date":"2012-06-12T19:42:31","date_gmt":"2012-06-12T18:42:31","guid":{"rendered":"http:\/\/cpallo.educacion.navarra.es\/blog\/?page_id=918"},"modified":"2015-03-08T09:57:10","modified_gmt":"2015-03-08T08:57:10","slug":"educar-en-casa","status":"publish","type":"page","link":"https:\/\/cpallo.educacion.navarra.es\/blog\/educar-en-casa\/","title":{"rendered":"Educar en casa"},"content":{"rendered":"<p><span style=\"color: #000000;\">En esta pesta\u00f1a colgaremos consejos, trucos e ideas para ayudar a educar a\u00a0vuestros hijos e hijas\u00a0en casa.<\/span><\/p>\n<ul>\n<li><span style=\"color: #800080;\"><a href=\"http:\/\/www.activilandia.es\/\" target=\"_blank\"><span style=\"color: #000000;\">Activilandia:<\/span><\/a> <span style=\"color: #000000;\">Es un parque tem\u00e1tico virtual donde los ni\u00f1os aprender\u00e1n lo sano que es divertirse y lo mucho que se puede hacer cambiando peque\u00f1os h\u00e1bitos de la vida diaria. P\u00e1gina web dirigida a ni\u00f1os de 6 a 12 a\u00f1os dedicada a promover h\u00e1bitos de alimentaci\u00f3n saludable, actividad f\u00edsica variada y ocio activo.\u00a0\u00a0\u00a0\u00a0\u00a0\u00a0\u00a0\u00a0\u00a0\u00a0\u00a0\u00a0\u00a0 <a href=\"http:\/\/www.activilandia.es\/\" target=\"_blank\">www.activilandia.es <\/a><br \/>\n<\/span><\/span><\/li>\n<\/ul>\n<ul>\n<li><a href=\"http:\/\/www.guiainfantil.com\/236\/juguetes-para-cada-edad-del-nino.html\" target=\"_blank\">Consejos para la elecci\u00f3n de juguetes.<\/a><\/li>\n<\/ul>\n<ul>\n<li><a href=\"http:\/\/dpto.educacion.navarra.es\/publicaciones\/pdf\/conductas.pdf\" target=\"_blank\">Desarrollo de conductas responsables.<\/a><\/li>\n<\/ul>\n<ul>\n<li><a href=\"http:\/\/www.escuelaenlanube.com\/\" target=\"_blank\">Escuela en la Nube<\/a><\/li>\n<\/ul>\n<ul>\n<li>Para saber m\u00e1s sobre el pescado: <a href=\"http:\/\/www.clubpezquenines.com\/\" target=\"_blank\">Campa\u00f1a \u00abHoy pescado\u00bb <\/a><\/li>\n<\/ul>\n<ul>\n<li>Una WEB INTERESANTE:\u00a0<a href=\"http:\/\/www.superpadres.com\/\" target=\"_blank\"> http:\/\/www.superpadres.com\/<\/a><\/li>\n<\/ul>\n<ul>\n<li>Enlaces interesantes para leer sobre educaci\u00f3n e hij@s: REVISTA DIGITAL PADRES (pincha en <a href=\"http:\/\/www.doopaper.com\/pubs\/padres\/padres77\/\" target=\"_blank\">ENLACE<\/a>) y HACER FAMILIA (pincha en <a href=\"http:\/\/www.hacerfamilia.com\/\" target=\"_blank\">ENLACE<\/a>)<\/li>\n<\/ul>\n<ul>\n<li>BLOG: <a href=\"http:\/\/www.guiainfantil.com\/\" target=\"_blank\">GUIA INFANTIL <\/a><\/li>\n<\/ul>\n<ul>\n<li><a href=\"http:\/\/www.waece.org\/circulares_pedagogicas\/CPDELMES\/\" target=\"_blank\">NOTAS PARA PADRES Y MADRES: Juguetes adecuados, la creatividad, etc<\/a>.<\/li>\n<\/ul>\n","protected":false},"excerpt":{"rendered":"<p>En esta pesta\u00f1a colgaremos consejos, trucos e ideas para ayudar a educar a\u00a0vuestros hijos e hijas\u00a0en casa. Activilandia: Es un parque tem\u00e1tico virtual donde los ni\u00f1os aprender\u00e1n lo sano que es divertirse y lo mucho que se puede hacer cambiando peque\u00f1os h\u00e1bitos de la vida diaria. P\u00e1gina web dirigida a ni\u00f1os de 6 a 12 a\u00f1os dedicada a promover h\u00e1bitos<\/p>\n","protected":false},"author":10,"featured_media":0,"parent":0,"menu_order":4,"comment_status":"open","ping_status":"closed","template":"","meta":[],"_links":{"self":[{"href":"https:\/\/cpallo.educacion.navarra.es\/blog\/wp-json\/wp\/v2\/pages\/918"}],"collection":[{"href":"https:\/\/cpallo.educacion.navarra.es\/blog\/wp-json\/wp\/v2\/pages"}],"about":[{"href":"https:\/\/cpallo.educacion.navarra.es\/blog\/wp-json\/wp\/v2\/types\/page"}],"author":[{"embeddable":true,"href":"https:\/\/cpallo.educacion.navarra.es\/blog\/wp-json\/wp\/v2\/users\/10"}],"replies":[{"embeddable":true,"href":"https:\/\/cpallo.educacion.navarra.es\/blog\/wp-json\/wp\/v2\/comments?post=918"}],"version-history":[{"count":23,"href":"https:\/\/cpallo.educacion.navarra.es\/blog\/wp-json\/wp\/v2\/pages\/918\/revisions"}],"predecessor-version":[{"id":1367,"href":"https:\/\/cpallo.educacion.navarra.es\/blog\/wp-json\/wp\/v2\/pages\/918\/revisions\/1367"}],"wp:attachment":[{"href":"https:\/\/cpallo.educacion.navarra.es\/blog\/wp-json\/wp\/v2\/media?parent=918"}],"curies":[{"name":"wp","href":"https:\/\/api.w.org\/{rel}","templated":true}]}}