{"id":798,"date":"2012-03-24T17:29:52","date_gmt":"2012-03-24T16:29:52","guid":{"rendered":"http:\/\/cpallo.educacion.navarra.es\/blog\/?page_id=798"},"modified":"2025-03-12T13:04:23","modified_gmt":"2025-03-12T12:04:23","slug":"documentos-del-centro","status":"publish","type":"page","link":"https:\/\/cpallo.educacion.navarra.es\/blog\/nuestro-centro-informacion-2\/documentos-del-centro\/","title":{"rendered":"Reglamento de Convivencia"},"content":{"rendered":"<ul>\n<li><a href=\"https:\/\/docs.google.com\/document\/d\/16lEKbLX5VBTbeMfAK_On-G196EylwSt7\/edit?usp=sharing&amp;ouid=113540002076370667439&amp;rtpof=true&amp;sd=true\" target=\"_blank\" rel=\"noopener\">REGLAMENTO DE CONVIVENCIA\u00a0 (enlace) Actualizado en el curso 24-25<\/a><\/li>\n<li><span style=\"color: #000000;\">Plan de Convivencia.<\/span><\/li>\n<\/ul>\n<p>Sabemos de la importancia de la convivencia en los centros escolares. Hemos terminado el Reglamento de Convivencia basado en la normativa oficial que determina el Departamento de Educaci\u00f3n. Todos somos conscientes de la necesidad de unas normas para poder organizar nuestra convivencia. Por eso, es necesario que nuestro alumnado, en su proceso educativo, aprenda unas normas b\u00e1sicas y fundamentales para el aula y el patio, que son:<\/p>\n<ol>\n<li>Puntualidad y orden en la entrada y salida del centro.<\/li>\n<li>Saludar y despedirse de forma adecuada.<\/li>\n<li>Escuchar y atender cuando el profesor\/a est\u00e1 explicando.<\/li>\n<li>Hablar con correcci\u00f3n, sin gritar, en el tono adecuado y respetando el turno de palabra.<\/li>\n<li>Evitar en todo momento las expresiones malsonantes.<\/li>\n<li>Pedir las cosas con educaci\u00f3n.<\/li>\n<li>Venir a clase a trabajar y presentar la tarea y los trabajos correctamente en las fechas convenidas.<\/li>\n<li>Estar bien sentado en el sitio que corresponda, con la espalda pegada al respaldo y levantarse del asiento cuando corresponda.<\/li>\n<li>Mantener limpia la clase, el patio y el colegio, y usar siempre la papelera. No comer en clase.<\/li>\n<li>Cuidar el material y el mobiliario de la clase, del patio y del colegio.<\/li>\n<li>Tener la mesa, la mochila con libros, cuadernos,\u00a0 estuche y las carpetas ordenadas en todo momento.<\/li>\n<li>Traer a clase el material y todo lo necesario para trabajar.<\/li>\n<li>Acudir al colegio aseado\/a, bien vestido\/a y con la ropa y calzado\u00a0 necesario los d\u00edas de Educaci\u00f3n F\u00edsica.<\/li>\n<li>El tiempo del recreo es el que utilizamos para ir al ba\u00f1o. No se debe utilizar los ba\u00f1os para jugar y se har\u00e1 un uso correcto de los mismos.<\/li>\n<li>Respetar las normas en los juegos, ayudar y compartir con los compa\u00f1eros\/as y aceptar que unas veces se gana y otras se pierde.<\/li>\n<li>Aceptar y respetar a mis compa\u00f1eros\/as y resolver los conflictos mediante el di\u00e1logo. Nunca utilizar la violencia. Ni re\u00edrse, ni insultar, ni agredir.<\/li>\n<li>Respetar en todo momento al profesorado, obedeciendo y siguiendo sus indicaciones.<\/li>\n<\/ol>\n","protected":false},"excerpt":{"rendered":"<p>REGLAMENTO DE CONVIVENCIA\u00a0 (enlace) Actualizado en el curso 24-25 Plan de Convivencia. Sabemos de la importancia de la convivencia en los centros escolares. Hemos terminado el Reglamento de Convivencia basado en la normativa oficial que determina el Departamento de Educaci\u00f3n. Todos somos conscientes de la necesidad de unas normas para poder organizar nuestra convivencia. Por eso, es necesario que nuestro<\/p>\n","protected":false},"author":10,"featured_media":0,"parent":349,"menu_order":6,"comment_status":"open","ping_status":"closed","template":"","meta":[],"_links":{"self":[{"href":"https:\/\/cpallo.educacion.navarra.es\/blog\/wp-json\/wp\/v2\/pages\/798"}],"collection":[{"href":"https:\/\/cpallo.educacion.navarra.es\/blog\/wp-json\/wp\/v2\/pages"}],"about":[{"href":"https:\/\/cpallo.educacion.navarra.es\/blog\/wp-json\/wp\/v2\/types\/page"}],"author":[{"embeddable":true,"href":"https:\/\/cpallo.educacion.navarra.es\/blog\/wp-json\/wp\/v2\/users\/10"}],"replies":[{"embeddable":true,"href":"https:\/\/cpallo.educacion.navarra.es\/blog\/wp-json\/wp\/v2\/comments?post=798"}],"version-history":[{"count":10,"href":"https:\/\/cpallo.educacion.navarra.es\/blog\/wp-json\/wp\/v2\/pages\/798\/revisions"}],"predecessor-version":[{"id":2851,"href":"https:\/\/cpallo.educacion.navarra.es\/blog\/wp-json\/wp\/v2\/pages\/798\/revisions\/2851"}],"up":[{"embeddable":true,"href":"https:\/\/cpallo.educacion.navarra.es\/blog\/wp-json\/wp\/v2\/pages\/349"}],"wp:attachment":[{"href":"https:\/\/cpallo.educacion.navarra.es\/blog\/wp-json\/wp\/v2\/media?parent=798"}],"curies":[{"name":"wp","href":"https:\/\/api.w.org\/{rel}","templated":true}]}}