{"id":441,"date":"2011-10-26T12:24:18","date_gmt":"2011-10-26T11:24:18","guid":{"rendered":"http:\/\/cpallo.educacion.navarra.es\/blog\/?page_id=441"},"modified":"2015-06-17T19:39:04","modified_gmt":"2015-06-17T18:39:04","slug":"fotos","status":"publish","type":"page","link":"https:\/\/cpallo.educacion.navarra.es\/blog\/fotos\/","title":{"rendered":"Fotos"},"content":{"rendered":"<p><a href=\"https:\/\/goo.gl\/photos\/8hmocE6X4Gn797Ab7\" target=\"_blank\"><strong><span style=\"text-decoration: underline;\">JUEGOS COLABORATIVOS EN EL PATIO<\/span><\/strong><\/a><\/p>\n<p><strong><span style=\"text-decoration: underline;\"><a href=\"https:\/\/goo.gl\/photos\/tNzYxMysmvkASw8eA\" target=\"_blank\">ENCIERRO DE SAN FERM\u00cdN EN EL COLE<\/a><\/span><\/strong><\/p>\n<p><strong><span style=\"text-decoration: underline;\"><a href=\"https:\/\/goo.gl\/photos\/13wyCCEfKPnibg4s6\" target=\"_blank\">DIA DEL EUSKERA 2015<\/a><\/span><\/strong><\/p>\n<p><strong><span style=\"text-decoration: underline;\"><a href=\"https:\/\/plus.google.com\/photos\/100536454327325612645\/albums\/6142068628211835601?authkey=CML93pLuzJu8iAE\" target=\"_blank\">CUENTACUENTOS EN INGL\u00c9S 14-15<\/a><\/span><\/strong><\/p>\n<p><strong><span style=\"text-decoration: underline;\"><a href=\"https:\/\/plus.google.com\/photos\/100536454327325612645\/albums\/6142066994760926897?authkey=CLCjjNvWzuqwcQ\" target=\"_blank\">DESAYUNO SALUDABLE Y EDUCACI\u00d3N VIAL EN EL COLE 14-15<\/a><\/span><\/strong><\/p>\n<p><strong><span style=\"text-decoration: underline;\"><a href=\"https:\/\/plus.google.com\/photos\/100536454327325612645\/albums\/6142063987047279009?authkey=CMX23saFufHrWg\" target=\"_blank\">FOTOS PROYECTO ESCUELAS SOLIDARIAS &#8211; exposici\u00f3n de trabajos<\/a><\/span><\/strong><\/p>\n<p><strong><span style=\"text-decoration: underline;\"><a href=\"https:\/\/plus.google.com\/photos\/100536454327325612645\/albums\/6106168397285964657?authkey=CI3GlNev58rHLw\" target=\"_blank\">FOTOS FESTIVAL DE NAVIDAD 2014-15<\/a><\/span><\/strong><\/p>\n<p><strong><span style=\"text-decoration: underline;\"><a href=\"https:\/\/plus.google.com\/photos\/100536454327325612645\/albums\/6084815244763016737?authkey=CO7n-KfQ74mgEw\" target=\"_blank\">FOTOS EXCURSI\u00d3N ORGI Y GRANJA ESCUELA ULTZAMA<\/a><\/span><\/strong><\/p>\n<p><strong><span style=\"text-decoration: underline;\"><a href=\"https:\/\/plus.google.com\/photos\/100536454327325612645\/albums\/6078273591990884913?authkey=CIitgM-Rg8K5wwE\" target=\"_blank\">FOTOS III D\u00cdA ESCUELAS RURALES EN OTEIZA<\/a><\/span><\/strong><\/p>\n<p><a href=\"https:\/\/plus.google.com\/photos\/100536454327325612645\/albums\/6068604298931790513?authkey=CP6Ypf785MfOwgE\" target=\"_blank\"><strong>FOTOS VENDIMIA SEPTIEMBRE 2014<\/strong><\/a><\/p>\n<p><a href=\"https:\/\/plus.google.com\/photos\/100536454327325612645\/albums\/6028235562395335361?authkey=CM7hp5WosqOgLA\" target=\"_blank\"><strong><span style=\"text-decoration: underline;\">EXCURSI\u00d3N FIN DE CURSO 13-14<\/span><\/strong><\/a><\/p>\n<p><strong><span style=\"text-decoration: underline;\"><a href=\"https:\/\/plus.google.com\/photos\/100536454327325612645\/albums\/5997324292863976513?authkey=CPaqiKvu3__SSw\" target=\"_blank\">JUEGOS EN EL PATIO: Pelotas<\/a><\/span><\/strong><\/p>\n<p><span style=\"text-decoration: underline;\"><strong><a href=\"https:\/\/plus.google.com\/photos\/100536454327325612645\/albums\/5997320509621021265?authkey=CPLq-ZGS7vilew\" target=\"_blank\">DEMOSTRACI\u00d3N MUSICAL<\/a><\/strong><\/span><\/p>\n<p><a href=\"https:\/\/plus.google.com\/photos\/100536454327325612645\/albums\/5997329105608948193?authkey=CKqZ6fKQjdbSFg\" target=\"_blank\"><span style=\"text-decoration: underline;\"><strong>PARQUE POLO Y BOMBEROS marzo 2014<\/strong><\/span><\/a><\/p>\n<p><span style=\"text-decoration: underline;\"><span style=\"color: #000000;\"><strong><a href=\"https:\/\/plus.google.com\/photos\/100536454327325612645\/albums\/5996652596636846561?authkey=COO2v5vH6czBjgE\" target=\"_blank\">RECETAS EN EL COLE<\/a><\/strong><\/span><\/span><\/p>\n<p><a href=\"https:\/\/plus.google.com\/photos\/100536454327325612645\/albums\/5991741265644981825?authkey=CIfIm_muu9uWXQ\" target=\"_blank\"><span style=\"text-decoration: underline;\"><strong>8 marzo: D\u00cdA MUJER TRABAJADORA\u00a0EN EL COLE<\/strong><\/span><\/a><\/p>\n<p><span style=\"text-decoration: underline;\"><strong><a href=\"https:\/\/plus.google.com\/photos\/100536454327325612645\/albums\/5978463726113291793?authkey=CNefuJ3nncrYFA\" target=\"_blank\">SANTA \u00c1GUEDA<\/a><\/strong><\/span><\/p>\n<p><a href=\"https:\/\/plus.google.com\/photos\/100536454327325612645\/albums\/5978461694094561809?authkey=COvWkLe47K3RUA\" target=\"_blank\"><strong><span style=\"text-decoration: underline;\">JUEGOS TRADICIONALES EN EL PATIO &#8211; Cuerdas<\/span><\/strong><\/a><\/p>\n<p><a href=\"https:\/\/plus.google.com\/photos\/100536454327325612645\/albums\/5975918498945756657?authkey=CI-B59noyLWhPQ\" target=\"_blank\"><span style=\"text-decoration: underline;\"><strong>D\u00cdA DE LA PAZ &#8211; 30 de enero 2014<\/strong><\/span><\/a><\/p>\n<p><a href=\"https:\/\/plus.google.com\/photos\/100536454327325612645\/albums\/5978458402255258593?authkey=CJi0xv7Vj7jIhQE\" target=\"_blank\"><strong><span style=\"text-decoration: underline; color: #000000;\">TALLER DE ADORNOS NAVIDE\u00d1OS &#8211; dic 2013<\/span><\/strong><\/a><\/p>\n<p><a href=\"https:\/\/plus.google.com\/photos\/100536454327325612645\/albums\/5978457576617364529?authkey=CPvbs6Lkg7aN-gE\" target=\"_blank\"><strong><span style=\"text-decoration: underline; color: #000000;\">PROYECTO CONTAMINACI\u00d3N AC\u00daSTICA<\/span><\/strong><\/a><\/p>\n<p><a href=\"https:\/\/plus.google.com\/photos\/100536454327325612645\/albums\/5971819431341681553?authkey=CJ3447OGgubftgE\" target=\"_blank\"><strong><span style=\"text-decoration: underline;\">FESTIVAL DE NAVIDAD EN EL COLE 2013<\/span><\/strong><\/a><\/p>\n<p><strong><a href=\"https:\/\/plus.google.com\/photos\/100536454327325612645\/albums\/5955047491410322049?authkey=CLyy0rrA54nc-wE\" target=\"_blank\"><span style=\"text-decoration: underline; color: #000000;\">JORNADA SOBRE EL RECICLAJE EN LA ESCUELA<\/span><\/a><\/strong><\/p>\n<p><a href=\"https:\/\/plus.google.com\/photos\/100536454327325612645\/albums\/5951430711658124865?authkey=CPeX5cCPm-jPfQ\" target=\"_blank\"><span style=\"text-decoration: underline;\"><strong>CAMPA\u00d1A \u00abUN BOCATA SOLIDARIO\u00bb DE ANFAS<\/strong><\/span><\/a><\/p>\n<p><a href=\"https:\/\/plus.google.com\/photos\/100536454327325612645\/albums\/5949499552402647153?authkey=CPeUyc2uqIrSywE\" target=\"_blank\"><span style=\"color: #000000;\"><b><span style=\"text-decoration: underline;\">ELABORACI\u00d3N BIZCOCHO DE CALABAZA EN INGL\u00c9S<\/span><\/b><\/span><\/a><\/p>\n<p><a href=\"https:\/\/plus.google.com\/photos\/100536454327325612645\/albums\/5949500942542742321?authkey=CKDo1ImyxMrr0wE\" target=\"_blank\"><span style=\"text-decoration: underline;\"><strong><span style=\"color: #000000;\">JUEGOS POPULARES Y TRADICIONALES EN EL COLE &#8211; Octubre 2013<\/span><\/strong><\/span><\/a><\/p>\n<p><a href=\"https:\/\/plus.google.com\/photos\/100536454327325612645\/albums\/5949498754721830833?authkey=CP3t9dP1-JGdNQ\" target=\"_blank\"><strong><span style=\"text-decoration: underline; color: #000000;\">II D\u00cdA DE LAS ESCUELAS RURALES DE TIERRA ESTELLA en Arr\u00f3niz<\/span><\/strong><\/a><\/p>\n<p><strong><a href=\"https:\/\/picasaweb.google.com\/113540002076370667439\/CampamentoInmersionEuskaraEnArantza?authuser=0&amp;authkey=Gv1sRgCJ3w0ciZyI3wSA&amp;feat=directlink\" target=\"_blank\"><span style=\"text-decoration: underline; color: #000000;\">CAMPAMENTO INMERSI\u00d3N EUSKARA EN ARANTZA<\/span>\u00a0\u00a0 Pincha aqu\u00ed para ver y descargar las fotos.<\/a><\/strong><\/p>\n<p><a href=\"https:\/\/plus.google.com\/photos\/100536454327325612645\/albums\/5881960314270151057?authkey=CJuFrYbAk82J1AE\" target=\"_blank\"><strong><span style=\"text-decoration: underline;\"><span style=\"color: #000000; text-decoration: underline;\">SELECCI\u00d3N FOTOS EXCURSI\u00d3N FIN DE CURSO GRANJA-ESCUELA EN FUNES<\/span><\/span><\/strong><\/a><\/p>\n<p><a href=\"https:\/\/picasaweb.google.com\/100536454327325612645\/DiaDelLibro02?authuser=0&amp;feat=directlink\" target=\"_blank\"><strong><span style=\"color: #000000;\">SELECCI\u00d3N DE FOTOS D\u00cdA DEL LIBRO<\/span><\/strong><\/a><\/p>\n<p><a href=\"https:\/\/plus.google.com\/photos\/100536454327325612645\/albums\/5872640629471038001\" target=\"_blank\"><strong><span style=\"color: #000000;\">VISITA A UN VIVERO Y PLANTACI\u00d3N DE \u00c1RBOLES<\/span><\/strong><\/a><\/p>\n<p><a href=\"https:\/\/plus.google.com\/photos\/100536454327325612645\/albums\/5819620786795558865?banner=pwa\" target=\"_blank\"><strong><span style=\"color: #000000;\">FIESTA FIN DE CURSO 2011-2012<\/span><\/strong><\/a><\/p>\n<p><a href=\"https:\/\/plus.google.com\/photos\/100536454327325612645\/albums\/5753215719838541313\" target=\"_blank\"><strong>FOTOS CONCIERTO Y PASEO POR PAMPLONA<\/strong><\/a><\/p>\n<p><strong><span style=\"color: #000000;\"><a href=\"https:\/\/plus.google.com\/photos\/100536454327325612645\/albums\/5739463922777700081\" target=\"_blank\">FOTOS EDUCACI\u00d3N VIAL Y POLICIA FORAL CURSO 2011-2012<\/a><br \/>\n<\/span><\/strong><\/p>\n","protected":false},"excerpt":{"rendered":"<p>JUEGOS COLABORATIVOS EN EL PATIO ENCIERRO DE SAN FERM\u00cdN EN EL COLE DIA DEL EUSKERA 2015 CUENTACUENTOS EN INGL\u00c9S 14-15 DESAYUNO SALUDABLE Y EDUCACI\u00d3N VIAL EN EL COLE 14-15 FOTOS PROYECTO ESCUELAS SOLIDARIAS &#8211; exposici\u00f3n de trabajos FOTOS FESTIVAL DE NAVIDAD 2014-15 FOTOS EXCURSI\u00d3N ORGI Y GRANJA ESCUELA ULTZAMA FOTOS III D\u00cdA ESCUELAS RURALES EN OTEIZA FOTOS VENDIMIA SEPTIEMBRE 2014<\/p>\n","protected":false},"author":10,"featured_media":0,"parent":0,"menu_order":5,"comment_status":"open","ping_status":"closed","template":"","meta":[],"_links":{"self":[{"href":"https:\/\/cpallo.educacion.navarra.es\/blog\/wp-json\/wp\/v2\/pages\/441"}],"collection":[{"href":"https:\/\/cpallo.educacion.navarra.es\/blog\/wp-json\/wp\/v2\/pages"}],"about":[{"href":"https:\/\/cpallo.educacion.navarra.es\/blog\/wp-json\/wp\/v2\/types\/page"}],"author":[{"embeddable":true,"href":"https:\/\/cpallo.educacion.navarra.es\/blog\/wp-json\/wp\/v2\/users\/10"}],"replies":[{"embeddable":true,"href":"https:\/\/cpallo.educacion.navarra.es\/blog\/wp-json\/wp\/v2\/comments?post=441"}],"version-history":[{"count":87,"href":"https:\/\/cpallo.educacion.navarra.es\/blog\/wp-json\/wp\/v2\/pages\/441\/revisions"}],"predecessor-version":[{"id":1679,"href":"https:\/\/cpallo.educacion.navarra.es\/blog\/wp-json\/wp\/v2\/pages\/441\/revisions\/1679"}],"wp:attachment":[{"href":"https:\/\/cpallo.educacion.navarra.es\/blog\/wp-json\/wp\/v2\/media?parent=441"}],"curies":[{"name":"wp","href":"https:\/\/api.w.org\/{rel}","templated":true}]}}