{"id":373,"date":"2011-09-13T23:00:32","date_gmt":"2011-09-13T22:00:32","guid":{"rendered":"http:\/\/cpallo.educacion.navarra.es\/blog\/?page_id=373"},"modified":"2024-02-15T13:49:39","modified_gmt":"2024-02-15T12:49:39","slug":"nuestros-proyectos","status":"publish","type":"page","link":"https:\/\/cpallo.educacion.navarra.es\/blog\/nuestro-centro-informacion-2\/nuestros-proyectos\/","title":{"rendered":"Nuestros Proyectos"},"content":{"rendered":"<p><strong><span style=\"color: #800080;\">A lo largo del curso 2023-2024 nos hemos planteado trabajar y seguir desarrollando diferentes proyectos:<\/span><\/strong><\/p>\n<ul>\n<li>Proyecto de innovaci\u00f3n sobre \u00abConociendo Allo\u00bb. Se realizar\u00e1n itinerario por Allo y alrededores, con c\u00f3digos QR, d\u00f3nde podr\u00e1n acceder todo el mundo y ver todo el trabajo realizado.<\/li>\n<li>Proyecto de innovaci\u00f3n sobre \u00abHuerto escolar\u00bb. Se instalar\u00e1 un invernadero donde el alumnado podr\u00e1 ver la importancia del medio ambiente, la ecolog\u00eda, los recursos naturales y la sostenibilidad.<\/li>\n<li>Proyecto Ekoi-saver 50-50. Proyecto impulsado por TEDER, que se basa en el consumo responsable de energ\u00eda.<\/li>\n<\/ul>\n","protected":false},"excerpt":{"rendered":"<p>A lo largo del curso 2023-2024 nos hemos planteado trabajar y seguir desarrollando diferentes proyectos: Proyecto de innovaci\u00f3n sobre \u00abConociendo Allo\u00bb. Se realizar\u00e1n itinerario por Allo y alrededores, con c\u00f3digos QR, d\u00f3nde podr\u00e1n acceder todo el mundo y ver todo el trabajo realizado. Proyecto de innovaci\u00f3n sobre \u00abHuerto escolar\u00bb. Se instalar\u00e1 un invernadero donde el alumnado podr\u00e1 ver la importancia<\/p>\n","protected":false},"author":10,"featured_media":0,"parent":349,"menu_order":7,"comment_status":"open","ping_status":"closed","template":"","meta":[],"_links":{"self":[{"href":"https:\/\/cpallo.educacion.navarra.es\/blog\/wp-json\/wp\/v2\/pages\/373"}],"collection":[{"href":"https:\/\/cpallo.educacion.navarra.es\/blog\/wp-json\/wp\/v2\/pages"}],"about":[{"href":"https:\/\/cpallo.educacion.navarra.es\/blog\/wp-json\/wp\/v2\/types\/page"}],"author":[{"embeddable":true,"href":"https:\/\/cpallo.educacion.navarra.es\/blog\/wp-json\/wp\/v2\/users\/10"}],"replies":[{"embeddable":true,"href":"https:\/\/cpallo.educacion.navarra.es\/blog\/wp-json\/wp\/v2\/comments?post=373"}],"version-history":[{"count":28,"href":"https:\/\/cpallo.educacion.navarra.es\/blog\/wp-json\/wp\/v2\/pages\/373\/revisions"}],"predecessor-version":[{"id":2757,"href":"https:\/\/cpallo.educacion.navarra.es\/blog\/wp-json\/wp\/v2\/pages\/373\/revisions\/2757"}],"up":[{"embeddable":true,"href":"https:\/\/cpallo.educacion.navarra.es\/blog\/wp-json\/wp\/v2\/pages\/349"}],"wp:attachment":[{"href":"https:\/\/cpallo.educacion.navarra.es\/blog\/wp-json\/wp\/v2\/media?parent=373"}],"curies":[{"name":"wp","href":"https:\/\/api.w.org\/{rel}","templated":true}]}}