{"id":371,"date":"2011-09-13T22:59:31","date_gmt":"2011-09-13T21:59:31","guid":{"rendered":"http:\/\/cpallo.educacion.navarra.es\/blog\/?page_id=371"},"modified":"2015-03-06T13:54:31","modified_gmt":"2015-03-06T12:54:31","slug":"noticias","status":"publish","type":"page","link":"https:\/\/cpallo.educacion.navarra.es\/blog\/noticias\/","title":{"rendered":"NOTICIAS &#8211; FECHAS"},"content":{"rendered":"<h1><strong><span style=\"color: #008000;\">CURSO 2014-2015:<\/span><\/strong><\/h1>\n<ul>\n<li><span style=\"color: #ff0000;\">1 de abril de 2015:\u00a0<span style=\"color: #000000;\">Jornada de Educaci\u00f3n Vial en el cole, con la visita de la Polic\u00eda Foral.<\/span><\/span><\/li>\n<li><span style=\"color: #ff0000;\">22 al 27 de febrero de 2015:\u00a0<span style=\"color: #000000;\">Semana Blanca en Isaba con alumnado de 5\u00ba y 6\u00ba.<\/span><\/span><\/li>\n<li><span style=\"color: #ff0000;\">9 al 13 de febrero de 2015:\u00a0<\/span><span style=\"color: #000000;\">Periodo de preinscripci\u00f3n del alumnado de infantil y primaria para el curso 2015-2016.\u00a0<\/span><\/li>\n<li><span style=\"color: #ff0000;\">14 de noviembre:\u00a0<span style=\"color: #000000;\">El pr\u00f3ximo jueves 14 de noviembre nos vamos de excursi\u00f3n de oto\u00f1o al valle de Ultzama. Realizaremos \u00a0visitas guiadas al bosque de Orgi y a la Granja Escuela Ultzama. Habr\u00e1 que ir bien equipados con chubasquero, botas y mochila con bocatas para almuerzo y comida.<\/span><\/span><\/li>\n<li><span style=\"color: #ff0000;\">31 de octubre 2014: <\/span><span style=\"color: #000000;\">\u00a0Celebramos el\u00a0<\/span>III D\u00eda de las Escuelas Rurales de Tierra Estella en Oteiza. Jornada de convivencia de las 9 escuelas rurales de Tierra Estella (Ab\u00e1rzuza, Allo, Anc\u00edn, Arr\u00f3niz, Dicastillo, Lez\u00e1un, Murieta, Oteiza y Villatuerta). Se realizar\u00e1n talleres de manualidades y un circuito de atletismo. El horario ser\u00e1 el habitual de un viernes pero habr\u00e1 que estar un poco antes para salir a las 9 de la ma\u00f1ana.<\/li>\n<\/ul>\n<h1><strong><span style=\"color: #008000;\">CURSO 2013-2014:<\/span><\/strong><\/h1>\n<ul>\n<li><span style=\"color: #ff0000;\">19 de junio 2014:\u00a0<span style=\"color: #000000;\">Excursi\u00f3n fin de curso a la Sierra de Urbasa. Excursi\u00f3n organizada por la APYMA del colegio abierta a padres y madres. Se realizar\u00e1n actividades en la naturaleza y diferentes juegos y comeremos todos juntos en el camping de Artaza. Es una actividad de ma\u00f1ana y tarde. Regresaremos sobre las 17:00h.<\/span><\/span><\/li>\n<li><span style=\"color: #ff0000;\">6 de junio 2014:\u00a0<span style=\"color: #000000;\">En este d\u00eda celebramos el d\u00eda del Euskera &#8211; Euskara Eguna en el cole. Recibiremos a profes y alumnado de los coles de Arr\u00f3niz y Dicastillo con los disfrutaremos de un d\u00eda de actividades convivencia en torno al Euskara.<\/span><\/span><\/li>\n<li><span style=\"color: #ff0000;\">10 de abril 2014: <span style=\"color: #000000;\">Este d\u00eda a las 11:00h podremos disfrutar de la emisi\u00f3n por streaming directo en alta definici\u00f3n de la zarzuela para ni\u00f1os \u00abEl Paraiso de los Ni\u00f1os\u00bb, en directo desde el Teatro de la Zarzuela de Madrid. \u00a0Recientemente nos han hecho mejoras en la red de internet, lo que nos permitir\u00e1 participar en esta actividad.\u00a0<\/span><\/span><\/li>\n<li><span style=\"color: #ff0000;\">9 de abril de 2014:\u00a0<span style=\"color: #000000;\">Nos han concedido un auxiliar de conversaci\u00f3n de lengua inglesa para el refuerzo en la lengua oral. Estar\u00e1 en nuestro centro algunos mi\u00e9rcoles hasta mediados de junio, porque tenemos que compartir con los colegios de Arr\u00f3niz, Dicastillo y Remontival en Estella.<\/span><\/span><\/li>\n<li><span style=\"color: #ff0000;\">27 de marzo 2014: <span style=\"color: #000000;\">Realizaremos una salida a Pamplona para visitar el Parque Polo y los bomberos.\u00a0 Dedicaremos el d\u00eda a la Educaci\u00f3n Vial y a la prevenci\u00f3n de incendios y accidentes. Ser\u00e1 en horario habitual de clase.<\/span><br \/>\n<\/span><\/li>\n<li><span style=\"color: #ff0000;\">7 de marzo 2014: <span style=\"color: #000000;\">Este d\u00eda celebramos el D\u00eda Internacional de la Mujer Trabajadora, el 8 de marzo. Hemos preparado diferentes actividades para reflexionar sobre el papel de la mujer y la igualdad en nuestro d\u00edas y c\u00f3mo era esto en otros tiempos.<\/span><br \/>\n<\/span><\/li>\n<li><span style=\"color: #ff0000;\">30 de enero de 2014: <span style=\"color: #000000;\">En este d\u00eda celebramos el d\u00eda escolar de la Paz y la No Violencia con diferentes actividades que prepararemos.<\/span><br \/>\n<\/span><\/li>\n<li><span style=\"color: #ff0000;\">20 de diciembre: <span style=\"color: #000000;\">El pr\u00f3ximo viernes 20 de diciembre celebraremos el tradicional festival de navidad en la biblioteca del colegio, d\u00f3nde nuestros chicos y chicas os mostrar\u00e1n las actividades que estamos preparando. En este d\u00eda se sortear\u00e1n las cestas de navidad artesanales que hemos elaborado entre todos.<br \/>\n<\/span><\/span><\/li>\n<li><span style=\"color: #ff0000;\">5, 10 y 17 de diciembre: <span style=\"color: #000000;\">Talleres de pl\u00e1stica para realizar adornos navide\u00f1os con objetos reciclados.<br \/>\n<\/span><\/span><\/li>\n<li><span style=\"color: #ff0000;\">29 de noviembre: <span style=\"color: #000000;\">Jornada en torno al reciclaje, con talleres y juegos en el cole y visita a la planta de C\u00e1rcar. Proyecto promovido y financiado por el Ayuntamiento de Allo y la Mancomunidad de Montejurra.<br \/>\n<\/span><\/span><\/li>\n<li><span style=\"color: #ff0000;\">22 de noviembre:\u00a0<span style=\"color: #000000;\">Operaci\u00f3n<\/span><span style=\"color: #000000;\"> \u00abBocata solidario &#8211; Da un mordisco por Anfas\u00bb, con el objetivo de recaudar fondos para los programas del \u00e1rea de Desarrollo Infantil y Juvenil de esta Asociaci\u00f3n.<br \/>\n<\/span><\/span><\/li>\n<li><span style=\"color: #ff0000;\">27 de octubre: <span style=\"color: #000000;\">II D\u00eda de las EERR de Tierra Estella en la prensa: \u00a0 \u00a0 \u00a0 \u00a0 \u00a0 \u00a0 \u00a0 \u00a0\u00a0 <a href=\"http:\/\/www.noticiasdenavarra.com\/2013\/10\/26\/vecinos\/estella-y-merindad\/las-escuelas-rurales-de-tierra-estella-demuestran-en-su-fiesta-que-estan-vivas#\" target=\"_blank\">DIARIO DE NOTICIAS <\/a><\/span><br \/>\n<\/span><\/li>\n<li><span style=\"color: #ff0000;\">25 de octubre: <span style=\"color: #000000;\">En horario habitual de un viernes acudimos a Arr\u00f3niz a celebrar el II D\u00eda de las Escuelas Rurales de Tierra Estella, con diferentes actividades para todos los grupos: Paseos por el pueblo, teatros en ingl\u00e9s y carrera no competitiva por las calles del pueblo.<\/span><\/span><\/li>\n<li><span style=\"color: #ff0000;\">7 de octubre: <span style=\"color: #000000;\">Comenzamos con los enjuagues fluorados en el cole. En colaboraci\u00f3n con la Secci\u00f3n de Salud Bucodental del Servicio Navarro de Salud seguiremos realizando esta pr\u00e1ctica todos los lunes de octubre a mayo, despu\u00e9s de comer a la entrada al colegio. Esta actividad requiere poco tiempo y beneficia a nuestro alumnado de forma importante: prevenci\u00f3n de caries, empastes m\u00e1s duraderos y mejores h\u00e1bitos. Es muy importante que vengan al cole con los dientes cepillados despu\u00e9s de comer.<\/span><\/span><\/li>\n<li><span style=\"color: #ff0000;\">3 de octubre: <span style=\"color: #000000;\">Realizamos la reuni\u00f3n general de principio de curso con las familias y explicamos aspectos generales sobre profesorado, grupos, calendario, libros de texto, normas y funcionamiento, proyectos y actividades complementarias y salidas para el curso.<\/span><\/span><\/li>\n<\/ul>\n<h1><strong><span style=\"color: #008000;\">CURSO 2012 &#8211; 2013:<\/span><\/strong><\/h1>\n<ul>\n<li><span style=\"color: #ff0000;\">3 al 7 de junio 2013: \u00a0<\/span><span style=\"color: #000000;\"><span style=\"color: #000000;\">Algunos alumn@s de 4\u00ba y 5\u00ba participar\u00e1n en el programa de inmersi\u00f3n ling\u00fc\u00edstica \u00abEnglish Week\u00bb en Lumbier.\u00a0<\/span><\/span><\/li>\n<li><span style=\"color: #ff0000;\">21 de mayo 2013 (martes): <span style=\"color: #000000;\">Realizaremos la excursi\u00f3n FIN DE CURSO: Visita a una <a href=\"http:\/\/www.halconerasdesanchocuarto.com\/index.php\" target=\"_blank\">Granja Escuela en Funes<\/a>, con muchas actividades para todas las edades (huerta, cetrer\u00eda, paseos a caballo, apicultura, etc.). Nos concretar\u00e1n mas adelante.<\/span><\/span><\/li>\n<li><span style=\"color: #ff0000;\">19 de mayo 2013: <\/span><span style=\"color: #000000;\">Se celebra en Allo la <a href=\"http:\/\/www.noticiasdenavarra.com\/2013\/05\/20\/vecinos\/estella-y-merindad\/allo-celebra-el-primer-dia-del-cereal-repartiendo-1000-raciones-de-migas\" target=\"_blank\">Feria del Cereal<\/a>. Los alumnos\/as de 4\u00ba, 5\u00ba y 6\u00ba de primaria estuvieron vendiendo pan y tortas caseras en un stand que facilit\u00f3 el Ayuntamiento. La idea fue de la Apyma del colegio, con el objetivo de recaudar fondos para organizar actividades complementarias y extraescolares. \u00a1La venta fue un \u00e9xito! \u00a0<\/span><\/li>\n<li><span style=\"color: #ff0000;\">9 de mayo 2013: <span style=\"color: #000000;\">En este d\u00eda hay convocado un paro de 2 horas en los centros educativos de Navarra, para protestar por los recortes y para rechazar la nueva ley de educaci\u00f3n que el Gobierno est\u00e1 preparando. Pod\u00e9is conocer m\u00e1s de esta ley pinchando en este enlace: <a href=\"https:\/\/docs.google.com\/file\/d\/0B24xq14lHUt9TU85bHJOUElkVlk\/edit?usp=sharing\" target=\"_blank\">LOMCE<\/a><br \/>\n<\/span><\/span><\/li>\n<li><span style=\"color: #ff0000;\">23 de abril 2013: <span style=\"color: #000000;\">Celebramos el D\u00eda del Libro en el cole. Realizamos lecturas compartidas de libros y cuentos escritos por los ni\u00f1os. Los peques visitan la biblioteca de Allo.<\/span><\/span><\/li>\n<li><span style=\"color: #ff0000;\">20 de abril 2013: <span style=\"color: #000000;\">Se celebran las III Jornadas de Escuelas Rurales de Navarra en el IES Tierra Estella.<\/span><\/span><\/li>\n<li><span style=\"color: #ff0000;\">6 de marzo 2013: <span style=\"color: #000000;\">Realizamos una visita al Vivero Ametza de Bar\u00edndano, compra de plantas y plantaci\u00f3n en la zona conocida como La Escombrera en Allo.<\/span><\/span><\/li>\n<li><span style=\"color: #ff0000;\">20 de febrero 2013:<\/span> <span style=\"color: #000000;\">El s\u00e1bado 27 de abril se realizar\u00e1n unas Jornadas de Educaci\u00f3n Emocional en el Baluarte de Pamplona, dirigida a padres, \u00a0madres y profesionales del \u00e1mbito de la educaci\u00f3n y social: psic\u00f3logos, pedagogos, maestros, terapeutas, educadores o trabajadores sociales y otros interesados. <a href=\"http:\/\/jornadas.padresformados.es\/ii-jornada-educacion-emocional\/\" target=\"_blank\">INFORMACI\u00d3N <\/a><\/span><\/li>\n<\/ul>\n<ul>\n<li><span style=\"color: #ff0000;\">30 de enero de 2013:\u00a0<span style=\"color: #000000;\">Celebramos en el cole el D\u00eda de la Paz, exponiendo trabajos realizados por los chicos y chicas y cantando una canci\u00f3n todos juntos.<\/span><\/span><\/li>\n<\/ul>\n<ul>\n<li><span style=\"color: #ff0000;\">21 de Diciembre de 2012:<\/span> <span style=\"color: #000000;\">Celebraremos el tradicional festival de navidad, para el que estamos preparando algunas actuaciones. En este d\u00eda nos visitar\u00e1n el cartero real y el olentzero para que los chicos y chicas entreguen sus cartas.<\/span><\/li>\n<li><span style=\"color: #ff0000;\">28 de Septiembre de 2012: <span style=\"color: #000000;\">En este d\u00eda celebramos el D\u00eda de las Escuelas Rurales de Tierra Estella.\u00a0 En total, 327 alumnos y 52 maestros de los colegios de Ab\u00e1rzuza, Allo, Anc\u00edn, Arr\u00f3niz, Dicastillo, Lez\u00e1un, Murieta, Oteiza y Villatuerta compartimos una jornada festiva en Murieta y Anc\u00edn en la que los peque\u00f1os recorrieron tramos de la v\u00eda verde, disfrutaron de juegos tradicionales y, en definitiva, gozaron de un d\u00eda de convivencia.\u00a0<\/span><\/span><\/li>\n<\/ul>\n<p>&nbsp;<\/p>\n<ul>\n<li><span style=\"color: #ff0000;\">22 de junio 2012: <span style=\"color: #000000;\">Pronto se publicar\u00e1 en la prensa. Las familias de las Escuelas Rurales de Tierra Estella han conseguido reunir una tonelada de tapones que Seur ha recogido para entregar a la planta de reciclaje. El dinero que se consiga se destinar\u00e1 a colaborar con una buena causa, como se hizo con Aitana, que consigui\u00f3 reunir todo el dinero necesario para su operaci\u00f3n en EEUU. Esperamos que todo salga bien. \u00a1Mucha suerte!<\/span><\/span><\/li>\n<li><span style=\"color: #ff0000;\">27 de mayo 2012: <span style=\"color: #000000;\">El pr\u00f3ximo viernes 1 de junio, celebraremos la tradicional fiesta del Euskera, este a\u00f1o en Arroniz. <\/span><\/span><\/li>\n<li><span style=\"color: #ff0000;\">26 de mayo 2012: <span style=\"color: #000000;\">La semana que viene finalizar\u00e1 el <strong><span style=\"color: #000080;\">taller de cer\u00e1mica<\/span><\/strong> que se est\u00e1 realizando en el cole con los diferentes grupos de infantil y primaria. La APYMA del cole ha organizado el taller, que se realiza en clase de pl\u00e1stica y que da continuidad a la tem\u00e1tica sobre la cultura romana, que hemos desarrollado durante el 2\u00ba trimestre, y que incluy\u00f3 la realizaci\u00f3n de diferentes trabajos de investigaci\u00f3n, una webquest, una visita a la Villa de las Musas y la realizaci\u00f3n de mosaicos romanos. Agradecemos la colaboraci\u00f3n de nuestra APYMA y la labor de Irache, la profesora del taller.<\/span><\/span><\/li>\n<li><span style=\"color: #ff0000;\">25 de mayo 2012: <span style=\"color: #000000;\">El 31 de mayo damos por finalizada la campa\u00f1a de recogida de tapones para Aitana, que hemos organizado cojuntamente\u00a0las escuelas rurales de Tierra Estella. La empresa SEUR se encargar\u00e1 de transportar los\u00a0cientos y cientos de tapones, que almacenamos conjuntamente en el CAP de Estella, a la planta de reciclaje. Agradecemos a las familias y nuestros chicos y chicas la colaboraci\u00f3n. <\/span><\/span><\/li>\n<li><span style=\"color: #ff0000;\">20 de abril 2012: <span style=\"color: #000000;\">Los tapones recogidos para Aitana se nos acumulaban en el almac\u00e9n y los hemos llevado al CAP (Centro de Apoyo del Profesorado) de Estella para reunirlos con los recogidos en las otras escuelas rurales. Nos quedamos sorprendidos a la hora de transportarlos, porque tuvimos que utilizar dos coches. No hemos calculado el peso, pero seguro que pasamos de los 200 kilos. Agradecemos a todos nuestros chicos y chicas y a sus familias por colaborar en esta buena causa. <!--more--><\/span><\/span><\/li>\n<li><span style=\"color: #ff0000;\"><span style=\"color: #000000;\"><span style=\"color: #000080;\">Lo que viene<\/span>: El lunes 23 celebraremos el d\u00eda del libro, el martes 24 ser\u00e1 un d\u00eda dedicado a la Educaci\u00f3n V\u00edal con la visita de la Policia Foral y el mi\u00e9rcoles 25 los alumnos\/as de 3\u00ba a 6\u00ba visitar\u00e1n la Ribera Tudelana con compa\u00f1eros\/as de las escuelas rurales de la zona, dentro del programa\u00a0de Itinerarios Culturales por Navarra, a cargo del colectivo \u00cd\u00f1igo Arista. \u00a1Esperemos que tengamos buen tiempo! <\/span><\/span><\/li>\n<li><span style=\"color: #ff0000;\">18 de abril 2012:<\/span> <span style=\"color: #000000;\">El pr\u00f3ximo lunes 23 de abril celebraremos el D\u00cdA DEL LIBRO en el cole. Estamos preparando actividades para fomentar el gusto por la lectura. La biblioteca de Allo organizar\u00e1 un Cuentacuentos este jueves 19 a las 18h, pensado para ni\u00f1@s sobre todo de 3 a 10 a\u00f1os. Los chicos y chicas de Infantil har\u00e1n una visita a la biblioteca en el d\u00eda del libro, donde realizar\u00e1n una actividad muy interesante.<\/span><\/li>\n<li><span style=\"color: #ff0000;\">3 de abril 2012:<span style=\"color: #000000;\">\u00a0 \u00a1Se nos agu\u00f3 la fiesta! Al final s\u00f3lo hemos podido visitar el Museo Villa de la Musas, que est\u00e1 cubierto. Terminamos la visita al museo y\u00a0llov\u00eda de lo lindo, as\u00ed que no hemos podido ir a Estella a pasear por el Camino de Santiago. Hemos ido a almorzar a Arroniz, en el front\u00f3n del colegio, donde nos hemos podido cobijar de la lluvia. Como no paraba, decidimos volver al centro y completar el d\u00eda con otro tipo de actividades. \u00a1Qu\u00e9 pena, con lo bien que hab\u00edamos trabajado el tema la semana pasada! <\/span><\/span><\/li>\n<li><span style=\"color: #ff0000;\">23 de marzo 2012: <span style=\"color: #000000;\">Nuestro compa\u00f1ero Juan Carlos Agirre nos ha comprado un torico con rueda. Este viernes, sin que los chicos y chicas lo esperaran, nos dio una sorpresa, lo sac\u00f3 a la hora del recreo y todos\/as disfrutaron corriendo con gran entusiasmo. Pod\u00e9is ver algunas fotos en las pesta\u00f1a de fotos. \u00abEskerrik asko Juan Carlos\u00bb<br \/>\n<\/span><\/span><\/li>\n<li><span style=\"color: #ff0000;\">23 de marzo 2012: <\/span><span style=\"color: #000000;\">Estamos recogiendo una gran cantidad de tapones de pl\u00e1stico para Aitana Garc\u00eda. Pronto los reuniremos con los que hayan recogido las dem\u00e1s escuelas rurales de Tierra Estella y los entregaremos a Seur y as\u00ed poner nuestro granito de arena a esta buena causa. \u00a1Vamos a batir todo un record! Gracias por vuestra colaboraci\u00f3n.<br \/>\n<\/span><\/li>\n<li><span style=\"color: #ff0000;\">2 de marzo 2012: <\/span>Os informamos que se ha publicado la convocatoria de los cursos de<strong> INMERSI\u00d3N LING\u00dc\u00cdSTICA EN<span style=\"text-decoration: underline;\"> INGL\u00c9S<\/span><\/strong> para el <strong><span style=\"text-decoration: underline;\">verano<\/span><\/strong>, dirigida a alumnado de primaria. Va dirigido a alumnos-as de 3\u00ba, 4\u00ba, 5\u00ba y 6\u00ba de Primaria.\u00a0 Los cursos se realizar\u00e1n durante junio (\u00faltima semana), julio y agosto.\u00a0\u00a0 <!--more--><\/li>\n<\/ul>\n<p><strong>El plazo de presentaci\u00f3n de solicitudes es de solamente 10 d\u00edas y acaba el pr\u00f3ximo 10 de marzo.<\/strong><\/p>\n<ul>\n<li><span style=\"color: #ff0000;\">20 de febrero 2012:\u00a0 <span style=\"color: #000000;\">Estamos reorganizando la biblioteca del cole, para que pueda utilizarse de manera habitual por todos los grupos. Tambi\u00e9n adecuaremos el espacio para que nuestros chicos y chicas de Infantil realicen su clase de psicomotricidad.<\/span><\/span><\/li>\n<li><span style=\"color: #ff0000;\">18 de febrero 2012:<span style=\"color: #000000;\">\u00a0 <\/span><\/span>El pasado martes 14,\u00a0 t\u00e9cnicos de Inform\u00e1tica EGA realizaron la medici\u00f3n y estudio para la instalaci\u00f3n de conexi\u00f3n a internet en todas las aulas del colegio. <!--more-->Estamos muy contentos porque a pesar de los malos tiempos que corren para la econom\u00eda, el Departamento de Educaci\u00f3n ha dado el visto bueno a la solicitud de ampliaci\u00f3n de red que realizamos en diciembre del a\u00f1o pasado.<\/li>\n<\/ul>\n<ul>\n<li><span style=\"color: #ff0000;\">2 de febrero 2012:<\/span> \u00a1Por f\u00edn hemos recibido la fruta! Nos comunican que comienza el reparto de frutas y verduras para el alumnado de infantil. El pasado lunes recibimos las cajas con la fruta para esta semana. Las tutoras de infantil os comunicar\u00e1n los d\u00edas y la forma en que se desarrollar\u00e1 el programa.<\/li>\n<\/ul>\n<ul>\n<li><span style=\"color: #ff0000;\">17 de diciembre: <span style=\"color: #000000;\">Ayer nos comunicaron que retoman el programa de consumo de frutas y verduras para el alumnado de infantil, seg\u00fan publica el BON, pero empezar\u00e1 en enero de 2012.<\/span><\/span> Pod\u00e9is leer m\u00e1s en el siguiente enlace:<!--more--><a href=\"http:\/\/www.educacion.navarra.es\/portal\/Actualidad\/Actualidad?contentId=6448\" target=\"_blank\">Noticia<\/a><\/li>\n<li><span style=\"color: #ff0000;\">12 de diciembre: <span style=\"color: #000000;\">Vamos a hacer un concurso de postales en el cole. Todo el alumnado va a participar. Habr\u00e1 alg\u00fan peque\u00f1o premio para los ganadores.<\/span><\/span><\/li>\n<\/ul>\n<ul>\n<li><span style=\"color: #000000;\"><span style=\"color: #ff0000;\">26 de noviembre<\/span>: El pr\u00f3ximo 22 de diciembre realizaremos el <span style=\"text-decoration: underline; color: #000080;\">FESTIVAL DE NAVIDAD<\/span>.<!--more--> Pronto os informaremos de las actividades que realizaremos.<!--more--><\/span><!--more--><\/li>\n<\/ul>\n<ul>\n<li><span style=\"color: #ff0000;\">25 de noviembre<\/span>: El Departamento de Educaci\u00f3n paraliza el programa de consumo de frutas en la escuela, destinado al alumnado de Educaci\u00f3n Infantil.<\/li>\n<\/ul>\n<p><!--more-->Pod\u00e9is leer la noticia en el siguiente enlace:<\/p>\n<p><a href=\"http:\/\/www.noticiasdenavarra.com\/2011\/11\/25\/sociedad\/navarra\/educacion-paraliza-el-plan-de-consumo-de-frutas-en-los-40-centros-participantes\">Noticia en Diario de Noticias<\/a><\/p>\n<ul>\n<li><strong><span style=\"color: #ff0000;\">El Departamento de Educaci\u00f3n nos ha concedido un auxiliar de conversaci\u00f3n en ingl\u00e9s. <\/span><!--more--><\/strong>Solicitamos en junio y la petici\u00f3n ha sido aceptada. Tenemos que compartir con los colegios de Arroniz y Dicastillo y estar\u00e1 con nosotros durante 4 meses.<\/li>\n<li><strong><span style=\"color: #ff0000;\">En este curso seguiremos con el PLAN DE CONSUMO DE FRUTAS Y VERDURAS en la escuela.<\/span><span style=\"color: #ff0000;\"><strong><span style=\"color: #000000;\"><!--more--><\/span><\/strong><\/span><\/strong><span style=\"color: #ff0000;\"><span style=\"color: #000000;\">Este programa est\u00e1 dirigido al alumnado de educaci\u00f3n infantil y dar\u00e1 comienzo, seg\u00fan nos han informado, en octubre.<!--more-->Nos han comunicado que se retrasa el comienzo del programa. Pod\u00e9is encontrar informaci\u00f3n en:<a href=\"http:\/\/www.alimentacion.es\/es\/plan_de_consumo_de_frutas_en_las_escuelas\/planConsumo\/default.aspx\">http:\/\/www.alimentacion.es\/es\/plan_de_consumo_de_frutas_en_las_escuelas\/planConsumo\/default.aspx<\/a><\/span><\/span><\/li>\n<\/ul>\n<ul>\n<li><strong><span style=\"color: #ff0000;\">Nos han llegado algunos folletos desde el Departamento de Salud con consejos muy interesantes de cara al comienzo de curso.<\/span><!--more-->VUELTA AL COLE CON &#8230; SALUD. Podeis descargarlo aqu\u00ed:<!--more--><\/strong><strong><a href=\"https:\/\/cpallo.educacion.navarra.es\/blog\/wp-content\/uploads\/2011\/09\/vueltaalcolefolleto.pdf\">Vuelta al cole &#8211; folleto<\/a><\/strong><\/li>\n<li><span style=\"color: #ff0000;\"><strong>SALIDA DE OTO\u00d1O: VISITA A LA GRANJA DE LACTURALE Y AL BOSQUE DE JAUNTSARATS. <\/strong><!--more--><span style=\"color: #000000;\"><span style=\"text-decoration: underline;\">EL MARTES 18 DE OCTUBRE<\/span>: En horario habitual de clase.<!--more--><\/span><\/span><\/li>\n<\/ul>\n","protected":false},"excerpt":{"rendered":"<p>CURSO 2014-2015: 1 de abril de 2015:\u00a0Jornada de Educaci\u00f3n Vial en el cole, con la visita de la Polic\u00eda Foral. 22 al 27 de febrero de 2015:\u00a0Semana Blanca en Isaba con alumnado de 5\u00ba y 6\u00ba. 9 al 13 de febrero de 2015:\u00a0Periodo de preinscripci\u00f3n del alumnado de infantil y primaria para el curso 2015-2016.\u00a0 14 de noviembre:\u00a0El pr\u00f3ximo jueves<\/p>\n","protected":false},"author":10,"featured_media":0,"parent":0,"menu_order":2,"comment_status":"open","ping_status":"closed","template":"","meta":[],"_links":{"self":[{"href":"https:\/\/cpallo.educacion.navarra.es\/blog\/wp-json\/wp\/v2\/pages\/371"}],"collection":[{"href":"https:\/\/cpallo.educacion.navarra.es\/blog\/wp-json\/wp\/v2\/pages"}],"about":[{"href":"https:\/\/cpallo.educacion.navarra.es\/blog\/wp-json\/wp\/v2\/types\/page"}],"author":[{"embeddable":true,"href":"https:\/\/cpallo.educacion.navarra.es\/blog\/wp-json\/wp\/v2\/users\/10"}],"replies":[{"embeddable":true,"href":"https:\/\/cpallo.educacion.navarra.es\/blog\/wp-json\/wp\/v2\/comments?post=371"}],"version-history":[{"count":80,"href":"https:\/\/cpallo.educacion.navarra.es\/blog\/wp-json\/wp\/v2\/pages\/371\/revisions"}],"predecessor-version":[{"id":1619,"href":"https:\/\/cpallo.educacion.navarra.es\/blog\/wp-json\/wp\/v2\/pages\/371\/revisions\/1619"}],"wp:attachment":[{"href":"https:\/\/cpallo.educacion.navarra.es\/blog\/wp-json\/wp\/v2\/media?parent=371"}],"curies":[{"name":"wp","href":"https:\/\/api.w.org\/{rel}","templated":true}]}}