{"id":9,"date":"2011-11-10T16:20:42","date_gmt":"2011-11-10T16:20:42","guid":{"rendered":"http:\/\/cpallo.educacion.navarra.es\/blog\/ingles\/?page_id=9"},"modified":"2013-01-30T10:40:44","modified_gmt":"2013-01-30T10:40:44","slug":"vocabulary","status":"publish","type":"page","link":"https:\/\/cpallo.educacion.navarra.es\/blog\/ingles\/vocabulary\/","title":{"rendered":"VOCABULARY"},"content":{"rendered":"<p><a href=\"http:\/\/www.englishexercises.org\/makeagame\/viewgame.asp?id=1120\">Wild Animals 1 &#8211; Writing<\/a>, by Mar\u00eda Jes\u00fas Rodr\u00edguez Arenas<br \/>Find this and other <a href=\"http:\/\/www.englishexercises.org\/buscador\/buscar.asp?nivel=any&#038;age=0&#038;tipo=any&#038;contents=animals\">animals exercises<\/a> in <a href=\"http:\/\/www.englishexercises.org\">English Exercises .org<\/a><\/p>\n","protected":false},"excerpt":{"rendered":"<p>Wild Animals 1 &#8211; Writing, by Mar\u00eda Jes\u00fas Rodr\u00edguez ArenasFind this and other animals exercises in English Exercises .org<\/p>\n","protected":false},"author":24,"featured_media":0,"parent":0,"menu_order":0,"comment_status":"open","ping_status":"open","template":"","meta":[],"_links":{"self":[{"href":"https:\/\/cpallo.educacion.navarra.es\/blog\/ingles\/wp-json\/wp\/v2\/pages\/9"}],"collection":[{"href":"https:\/\/cpallo.educacion.navarra.es\/blog\/ingles\/wp-json\/wp\/v2\/pages"}],"about":[{"href":"https:\/\/cpallo.educacion.navarra.es\/blog\/ingles\/wp-json\/wp\/v2\/types\/page"}],"author":[{"embeddable":true,"href":"https:\/\/cpallo.educacion.navarra.es\/blog\/ingles\/wp-json\/wp\/v2\/users\/24"}],"replies":[{"embeddable":true,"href":"https:\/\/cpallo.educacion.navarra.es\/blog\/ingles\/wp-json\/wp\/v2\/comments?post=9"}],"version-history":[{"count":2,"href":"https:\/\/cpallo.educacion.navarra.es\/blog\/ingles\/wp-json\/wp\/v2\/pages\/9\/revisions"}],"predecessor-version":[{"id":298,"href":"https:\/\/cpallo.educacion.navarra.es\/blog\/ingles\/wp-json\/wp\/v2\/pages\/9\/revisions\/298"}],"wp:attachment":[{"href":"https:\/\/cpallo.educacion.navarra.es\/blog\/ingles\/wp-json\/wp\/v2\/media?parent=9"}],"curies":[{"name":"wp","href":"https:\/\/api.w.org\/{rel}","templated":true}]}}